{"id":141,"date":"2019-03-21T10:20:59","date_gmt":"2019-03-21T09:20:59","guid":{"rendered":"https:\/\/www.apaf-vtp.com\/?page_id=141"},"modified":"2019-03-21T10:20:59","modified_gmt":"2019-03-21T09:20:59","slug":"nous-joindre","status":"publish","type":"page","link":"https:\/\/www.apaf-vtp.com\/index.php\/nous-joindre\/","title":{"rendered":"Nous joindre"},"content":{"rendered":"\n<p style=\"text-align:center\">\n\nNous assurons une permanence t\u00e9l\u00e9phonique uniquement<br>tous les mardis et jeudis<br>de 9 h \u00e0 12 h et de 14 h \u00e0 18 h<br>au&nbsp;<strong>06 07 48 11 44<\/strong><br>sauf durant les vacances scolaires de la zone Paris, Cr\u00e9teil, Versailles<\/p>\n\n\n\n<p style=\"text-align:center\">Si\u00e8ge de l&rsquo;Association :<br><strong>27 bd Aristide Briand 14150 OUISTREHAM<\/strong><\/p>\n\n\n\n<p style=\"text-align:center\">Notre email :&nbsp;<strong><a href=\"mailto:apaf.vtp@wanadoo.fr\">apaf.vtp@wanadoo.fr<\/a><\/strong><\/p>\n","protected":false},"excerpt":{"rendered":"<p>Nous assurons une permanence t\u00e9l\u00e9phonique uniquementtous les mardis et jeudisde 9 h \u00e0 12 h et de 14 h \u00e0 18 hau&nbsp;06 07 48 11 44sauf durant les vacances scolaires de la zone Paris, Cr\u00e9teil, Versailles Si\u00e8ge de l&rsquo;Association :27 bd Aristide Briand 14150 OUISTREHAM Notre email :&nbsp;apaf.vtp@wanadoo.fr<\/p>\n","protected":false},"author":1,"featured_media":0,"parent":0,"menu_order":0,"comment_status":"closed","ping_status":"closed","template":"","meta":{"footnotes":""},"class_list":["post-141","page","type-page","status-publish","hentry"],"_links":{"self":[{"href":"https:\/\/www.apaf-vtp.com\/index.php\/wp-json\/wp\/v2\/pages\/141","targetHints":{"allow":["GET"]}}],"collection":[{"href":"https:\/\/www.apaf-vtp.com\/index.php\/wp-json\/wp\/v2\/pages"}],"about":[{"href":"https:\/\/www.apaf-vtp.com\/index.php\/wp-json\/wp\/v2\/types\/page"}],"author":[{"embeddable":true,"href":"https:\/\/www.apaf-vtp.com\/index.php\/wp-json\/wp\/v2\/users\/1"}],"replies":[{"embeddable":true,"href":"https:\/\/www.apaf-vtp.com\/index.php\/wp-json\/wp\/v2\/comments?post=141"}],"version-history":[{"count":1,"href":"https:\/\/www.apaf-vtp.com\/index.php\/wp-json\/wp\/v2\/pages\/141\/revisions"}],"predecessor-version":[{"id":142,"href":"https:\/\/www.apaf-vtp.com\/index.php\/wp-json\/wp\/v2\/pages\/141\/revisions\/142"}],"wp:attachment":[{"href":"https:\/\/www.apaf-vtp.com\/index.php\/wp-json\/wp\/v2\/media?parent=141"}],"curies":[{"name":"wp","href":"https:\/\/api.w.org\/{rel}","templated":true}]}}