{"id":129,"date":"2019-03-20T12:32:41","date_gmt":"2019-03-20T11:32:41","guid":{"rendered":"https:\/\/www.apaf-vtp.com\/?page_id=129"},"modified":"2024-05-22T07:31:21","modified_gmt":"2024-05-22T05:31:21","slug":"adhesion","status":"publish","type":"page","link":"https:\/\/www.apaf-vtp.com\/index.php\/adhesion\/","title":{"rendered":"Adh\u00e9sion"},"content":{"rendered":"\n<p>Vous trouverez ci dessous le formulaire pour devenir membre <\/p>\n\n\n\n<p>Il ne s&rsquo;agit pas de devenir membre d&rsquo;un site web, qui est gratuit et qui permet de r\u00e9pondre b\u00e9n\u00e9volement aux gens qui posent des questions. Mais nous sommes aussi une association loi 1901, et nous essayons de d\u00e9fendre les int\u00e9r\u00eats de nos membres lorsque ceux ci ne peuvent se d\u00e9brouiller seuls. <br>\nL&rsquo;association mourra le jour ou elle n&rsquo;aura plus de membres pour vivre. <\/p>\n\n\n\n<p>Faire les d\u00e9p\u00f4ts de plainte, lancer des proc\u00e9dures avec des avocats,faire avancer les lois,tout cela ne se fait pas tout seul,et nous travaillons sur le sujet depuis dix ans. <\/p>\n\n\n\n<p>Rejoignez-nous ! Nous avons besoin de votre support pour poursuivre notre action et la rendre encore plus efficace.<\/p>\n\n\n\n<figure class=\"wp-block-table\"><table><tbody><tr><td><a href=\"https:\/\/www.apaf-vtp.com\/wp-content\/uploads\/2024\/05\/COTISATION-2024.pdf\">Formulaire d&rsquo;adh\u00e9sion<br>Formulaire de renouvellement<\/a><\/td><\/tr><\/tbody><\/table><\/figure>\n\n\n\n<p><\/p>\n","protected":false},"excerpt":{"rendered":"<p>Vous trouverez ci dessous le formulaire pour devenir membre Il ne s&rsquo;agit pas de devenir membre d&rsquo;un site web, qui est gratuit et qui permet de r\u00e9pondre b\u00e9n\u00e9volement aux gens qui posent des questions. Mais nous sommes aussi une association loi 1901, et nous essayons de d\u00e9fendre les int\u00e9r\u00eats de nos membres lorsque ceux ci&hellip;<\/p>\n","protected":false},"author":1,"featured_media":0,"parent":0,"menu_order":0,"comment_status":"closed","ping_status":"closed","template":"","meta":{"footnotes":""},"class_list":["post-129","page","type-page","status-publish","hentry"],"_links":{"self":[{"href":"https:\/\/www.apaf-vtp.com\/index.php\/wp-json\/wp\/v2\/pages\/129","targetHints":{"allow":["GET"]}}],"collection":[{"href":"https:\/\/www.apaf-vtp.com\/index.php\/wp-json\/wp\/v2\/pages"}],"about":[{"href":"https:\/\/www.apaf-vtp.com\/index.php\/wp-json\/wp\/v2\/types\/page"}],"author":[{"embeddable":true,"href":"https:\/\/www.apaf-vtp.com\/index.php\/wp-json\/wp\/v2\/users\/1"}],"replies":[{"embeddable":true,"href":"https:\/\/www.apaf-vtp.com\/index.php\/wp-json\/wp\/v2\/comments?post=129"}],"version-history":[{"count":7,"href":"https:\/\/www.apaf-vtp.com\/index.php\/wp-json\/wp\/v2\/pages\/129\/revisions"}],"predecessor-version":[{"id":320,"href":"https:\/\/www.apaf-vtp.com\/index.php\/wp-json\/wp\/v2\/pages\/129\/revisions\/320"}],"wp:attachment":[{"href":"https:\/\/www.apaf-vtp.com\/index.php\/wp-json\/wp\/v2\/media?parent=129"}],"curies":[{"name":"wp","href":"https:\/\/api.w.org\/{rel}","templated":true}]}}