{"id":125,"date":"2019-03-20T11:46:11","date_gmt":"2019-03-20T10:46:11","guid":{"rendered":"https:\/\/www.apaf-vtp.com\/?page_id=125"},"modified":"2019-03-20T11:46:11","modified_gmt":"2019-03-20T10:46:11","slug":"presentation","status":"publish","type":"page","link":"https:\/\/www.apaf-vtp.com\/index.php\/presentation\/","title":{"rendered":"Pr\u00e9sentation"},"content":{"rendered":"\n<p>L&rsquo;Association des Propri\u00e9taires Adh\u00e9rents Francophones de Vacances en Temps Partag\u00e9 &#8211; APAF-VTP, d\u00e9fend les int\u00e9r\u00eats des personnes d&rsquo;expression fran\u00e7aise domicili\u00e9es en France ou \u00e0 l\u2019\u00e9tranger, qui rencontrent des probl\u00e8mes de toute nature en qualit\u00e9 d\u2019associ\u00e9s de Soci\u00e9t\u00e9s Civiles d\u2019attribution en temps partag\u00e9, ou encore avec des formules de semaines de vacances en temps partag\u00e9 ou \u00abTimeshare \u00bb, de droits d\u2019usage, de syst\u00e8mes \u00e0 points,  de packs-vacances.<\/p>\n\n\n\n<p>L\u2019association compte plus de 1000 adh\u00e9rents et est  la plus importante association europ\u00e9enne de d\u00e9fense des propri\u00e9taires de vacances en temps partag\u00e9.<\/p>\n\n\n\n<p>D\u00e8s son origine, il y a maintenant pr\u00e8s de quinze ans, elle s\u2019est engag\u00e9e dans la lutte contre les abus de confiance et les escroqueries de toutes formes : fausses ventes, escroqueries \u00e0 la revente qui ont envahi ce domaine et ont fait de nombreuses victimes.<\/p>\n\n\n\n<p>Notre action depuis plusieurs ann\u00e9es a port\u00e9 ses fruits, et nous avons remport\u00e9 r\u00e9cemment de belles victoires devant les tribunaux en obtenant la condamnation d\u2019auteurs d\u2019escroqueries \u00e0 la prison et au remboursement des fonds d\u00e9tourn\u00e9s.<\/p>\n\n\n\n<p>Ces affaires sont complexes car les escrocs traversent les fronti\u00e8res et les sommes d\u00e9tourn\u00e9es alimentent parfois des r\u00e9seaux en tous genres li\u00e9s au blanchiment d\u2019argent, aux trafics de drogue ou d\u2019armes.<\/p>\n\n\n\n<p>Elles  n\u00e9cessitent donc de notre part une vigilance permanente et des contacts sur le plan national et international avec des avocats, des services de police et de justice fran\u00e7ais et \u00e9trangers, les m\u00e9dias, les Associations de d\u00e9fense des consommateurs ainsi que les autorit\u00e9s institutionnelles fran\u00e7aises et europ\u00e9ennes.<\/p>\n\n\n\n<p>Nous suivons ainsi plusieurs centaines de dossiers assortis de plaintes collectives d\u00e9pos\u00e9es au nom d\u2019adh\u00e9rents l\u00e9s\u00e9s, escroqu\u00e9s, d\u00e9poss\u00e9d\u00e9s de leur bien, ou tout simplement m\u00e9contents du syst\u00e8me, et dont une action en justice isol\u00e9e aurait peu de chance d\u2019aboutir.<\/p>\n\n\n\n<p>Depuis 4 ans nous nous sommes consacr\u00e9s aux probl\u00e8mes des Soci\u00e9t\u00e9s Civiles d\u2019attribution en temps partag\u00e9. De tr\u00e8s nombreuses proc\u00e9dures ont \u00e9t\u00e9 introduites par notre avocat devant les tribunaux au titre de la loi du 22 juillet 2009 \u00e0 l\u2019\u00e9laboration de laquelle l\u2019APAF-VTP a particip\u00e9 et qui permet \u00e0 des associ\u00e9s, dans certaines situations, de recourir \u00e0 la Justice pour sortir du syst\u00e8me.<\/p>\n\n\n\n<p>Ce sujet est immense par sa nature, la multitude et la complexit\u00e9 des probl\u00e8mes rencontr\u00e9s : irr\u00e9gularit\u00e9s dans les statuts, irr\u00e9gularit\u00e9s dans la convocation et dans la tenue des assembl\u00e9es g\u00e9n\u00e9rales, irr\u00e9gularit\u00e9s dans les comptes sociaux, forte augmentation des charges, absence de transparence dans la gestion, abus des g\u00e9rants, collusion d\u2019int\u00e9r\u00eats\u2026<\/p>\n\n\n\n<p>Il n\u00e9cessite de notre part un investissement important et permanent car si la loi de 2009 a apport\u00e9 quelques r\u00e9ponses \u00e0 nos pr\u00e9occupations, elle ne permet pas de r\u00e9gler simplement certaines situations comme le d\u00e9sir de sortir de ces soci\u00e9t\u00e9s ; l\u2019APAF-VTP est en contact permanent avec le Minist\u00e8re de la Justice et les parlementaires afin de faire \u00e9voluer \u00e0 nouveau la l\u00e9gislation .<\/p>\n\n\n\n<p>Notre action s\u2019exerce dans l\u2019int\u00e9r\u00eat de tout particulier, \u00e0 titre isol\u00e9 ou d\u00e9j\u00e0 membre de petites associations qui ne disposent pas de moyens pour agir, poss\u00e9dant des vacances sous une forme ou sous une autre ou faisant l\u2019objet de d\u00e9marchages abusifs au m\u00e9pris de la r\u00e9glementation fran\u00e7aise ou internationale dans des pays de l\u2019Union Europ\u00e9enne voire au Maroc, en Tha\u00eflande, en Turquie ou en R\u00e9publique Dominicaine\u2026..<\/p>\n\n\n\n<p>L\u2019association ne b\u00e9n\u00e9ficie d\u2019aucune subvention et fonctionne avec les seules cotisations de ses membres et le b\u00e9n\u00e9volat.<\/p>\n\n\n\n<p>Si vous souhaitez vous joindre \u00e0 nous ou simplement nous aider, merci de nous retourner le bulletin d&rsquo;adh\u00e9sion, que vous trouverez sur notre site, accompagn\u00e9 de votre ch\u00e8que \u00e0<\/p>\n\n\n\n<p>APAF-VTP<\/p>\n\n\n\n<p>R\u00e9sidence les Colombages<\/p>\n\n\n\n<p>27, boulevard Aristide Briand<\/p>\n\n\n\n<p>14150 OUISTREHAM<\/p>\n\n\n\n<p>Photocopiez ce bulletin et diffusez-le aupr\u00e8s de vos amis et relations qui poss\u00e8dent aussi des formules de vacances en temps partag\u00e9.<\/p>\n\n\n\n<p>Rejoignez-nous ! Nous avons besoin de votre soutien pour poursuivre notre action et la rendre encore plus efficace.<\/p>\n\n\n\n<p>Pour venir en aide \u00e0 nos adh\u00e9rents, ainsi qu&rsquo;\u00e0 toute personne en difficult\u00e9 suite \u00e0 un engagement, \u00e0 un achat ou \u00e0 une revente de semaine, nous assurons<\/p>\n","protected":false},"excerpt":{"rendered":"<p>L&rsquo;Association des Propri\u00e9taires Adh\u00e9rents Francophones de Vacances en Temps Partag\u00e9 &#8211; APAF-VTP, d\u00e9fend les int\u00e9r\u00eats des personnes d&rsquo;expression fran\u00e7aise domicili\u00e9es en France ou \u00e0 l\u2019\u00e9tranger, qui rencontrent des probl\u00e8mes de toute nature en qualit\u00e9 d\u2019associ\u00e9s de Soci\u00e9t\u00e9s Civiles d\u2019attribution en temps partag\u00e9, ou encore avec des formules de semaines de vacances en temps partag\u00e9 ou&hellip;<\/p>\n","protected":false},"author":1,"featured_media":0,"parent":0,"menu_order":0,"comment_status":"closed","ping_status":"closed","template":"","meta":{"footnotes":""},"class_list":["post-125","page","type-page","status-publish","hentry"],"_links":{"self":[{"href":"https:\/\/www.apaf-vtp.com\/index.php\/wp-json\/wp\/v2\/pages\/125","targetHints":{"allow":["GET"]}}],"collection":[{"href":"https:\/\/www.apaf-vtp.com\/index.php\/wp-json\/wp\/v2\/pages"}],"about":[{"href":"https:\/\/www.apaf-vtp.com\/index.php\/wp-json\/wp\/v2\/types\/page"}],"author":[{"embeddable":true,"href":"https:\/\/www.apaf-vtp.com\/index.php\/wp-json\/wp\/v2\/users\/1"}],"replies":[{"embeddable":true,"href":"https:\/\/www.apaf-vtp.com\/index.php\/wp-json\/wp\/v2\/comments?post=125"}],"version-history":[{"count":1,"href":"https:\/\/www.apaf-vtp.com\/index.php\/wp-json\/wp\/v2\/pages\/125\/revisions"}],"predecessor-version":[{"id":126,"href":"https:\/\/www.apaf-vtp.com\/index.php\/wp-json\/wp\/v2\/pages\/125\/revisions\/126"}],"wp:attachment":[{"href":"https:\/\/www.apaf-vtp.com\/index.php\/wp-json\/wp\/v2\/media?parent=125"}],"curies":[{"name":"wp","href":"https:\/\/api.w.org\/{rel}","templated":true}]}}